{"id":107,"date":"2022-01-10T10:42:52","date_gmt":"2022-01-10T10:42:52","guid":{"rendered":"https:\/\/be-simple.pt\/wordpress\/?page_id=107"},"modified":"2023-05-31T08:35:55","modified_gmt":"2023-05-31T08:35:55","slug":"o-nosso-trabalho","status":"publish","type":"page","link":"https:\/\/be-simple.pt\/wordpress\/en\/o-nosso-trabalho\/","title":{"rendered":"Services"},"content":{"rendered":"<div class=\"wp-block-group alignfull has-background\" style=\"background-color:#f8f4e4\"><div class=\"wp-block-group__inner-container is-layout-flow wp-block-group-is-layout-flow\">\n<div class=\"wp-block-columns alignwide is-layout-flex wp-container-core-columns-is-layout-9d6595d7 wp-block-columns-is-layout-flex\">\n<div class=\"wp-block-column is-layout-flow wp-block-column-is-layout-flow\">\n<div style=\"height:100px\" aria-hidden=\"true\" class=\"wp-block-spacer\"><\/div>\n\n\n\n<h6 class=\"wp-block-heading has-text-color\" id=\"ecosystem\" style=\"color:#000000\">BE SIMPLE<\/h6>\n\n\n\n<p class=\"has-text-color\" style=\"color:#000000;font-size:5vw;line-height:1.1\"><strong>Servi\u00e7os.<\/strong><\/p>\n\n\n\n<div style=\"height:5px\" aria-hidden=\"true\" class=\"wp-block-spacer\"><\/div>\n<\/div>\n<\/div>\n\n\n\n<div class=\"wp-block-columns alignwide is-layout-flex wp-container-core-columns-is-layout-9d6595d7 wp-block-columns-is-layout-flex\">\n<div class=\"wp-block-column is-layout-flow wp-block-column-is-layout-flow\" style=\"flex-basis:33.38%\">\n<p class=\"has-text-color has-extra-small-font-size\" style=\"color:#000000\">Our extensive and diversified range of services are intended to offer our customers a continuous follow-up, from the idea to the final product.<\/p>\n\n\n\n<ul class=\"wp-block-list\">\n<li>We have personalized service and customer assistance<\/li>\n\n\n\n<li>We boost and add value to your brand<\/li>\n\n\n\n<li>We ensure production and set quality parameters <\/li>\n\n\n\n<li>We carry out studies on trends, materials and design<\/li>\n\n\n\n<li>We develop patterns and cutting plans with the Inventex system<\/li>\n\n\n\n<li>Quality assurance of production according to AQL standards<\/li>\n<\/ul>\n<\/div>\n\n\n\n<div class=\"wp-block-column is-layout-flow wp-block-column-is-layout-flow\" style=\"flex-basis:33.62%\">\n<figure class=\"wp-block-image size-large is-resized\"><img loading=\"lazy\" decoding=\"async\" src=\"https:\/\/be-simple.pt\/wordpress\/wp-content\/uploads\/2023\/05\/NMNM-1024x1024.png\" alt=\"\" class=\"wp-image-640\" width=\"373\" height=\"373\" srcset=\"https:\/\/be-simple.pt\/wordpress\/wp-content\/uploads\/2023\/05\/NMNM-1024x1024.png 1024w, https:\/\/be-simple.pt\/wordpress\/wp-content\/uploads\/2023\/05\/NMNM-300x300.png 300w, https:\/\/be-simple.pt\/wordpress\/wp-content\/uploads\/2023\/05\/NMNM-150x150.png 150w, https:\/\/be-simple.pt\/wordpress\/wp-content\/uploads\/2023\/05\/NMNM-768x768.png 768w, https:\/\/be-simple.pt\/wordpress\/wp-content\/uploads\/2023\/05\/NMNM-12x12.png 12w, https:\/\/be-simple.pt\/wordpress\/wp-content\/uploads\/2023\/05\/NMNM.png 1417w\" sizes=\"auto, (max-width: 373px) 100vw, 373px\" \/><\/figure>\n<\/div>\n<\/div>\n<\/div><\/div>","protected":false},"excerpt":{"rendered":"<p>BE SIMPLE Servi\u00e7os. O nosso extenso e diversificado leque de servi\u00e7os destinam-se a oferecer ao nossos clientes um cont\u00ednuo acompanhamento, desde a ideia at\u00e9 ao produto final.<\/p>","protected":false},"author":3,"featured_media":0,"parent":0,"menu_order":0,"comment_status":"closed","ping_status":"closed","template":"","meta":{"footnotes":""},"class_list":["post-107","page","type-page","status-publish","hentry"],"_links":{"self":[{"href":"https:\/\/be-simple.pt\/wordpress\/en\/wp-json\/wp\/v2\/pages\/107","targetHints":{"allow":["GET"]}}],"collection":[{"href":"https:\/\/be-simple.pt\/wordpress\/en\/wp-json\/wp\/v2\/pages"}],"about":[{"href":"https:\/\/be-simple.pt\/wordpress\/en\/wp-json\/wp\/v2\/types\/page"}],"author":[{"embeddable":true,"href":"https:\/\/be-simple.pt\/wordpress\/en\/wp-json\/wp\/v2\/users\/3"}],"replies":[{"embeddable":true,"href":"https:\/\/be-simple.pt\/wordpress\/en\/wp-json\/wp\/v2\/comments?post=107"}],"version-history":[{"count":12,"href":"https:\/\/be-simple.pt\/wordpress\/en\/wp-json\/wp\/v2\/pages\/107\/revisions"}],"predecessor-version":[{"id":752,"href":"https:\/\/be-simple.pt\/wordpress\/en\/wp-json\/wp\/v2\/pages\/107\/revisions\/752"}],"wp:attachment":[{"href":"https:\/\/be-simple.pt\/wordpress\/en\/wp-json\/wp\/v2\/media?parent=107"}],"curies":[{"name":"wp","href":"https:\/\/api.w.org\/{rel}","templated":true}]}}