{"id":149,"date":"2022-01-10T12:04:06","date_gmt":"2022-01-10T12:04:06","guid":{"rendered":"https:\/\/be-simple.pt\/wordpress\/?page_id=149"},"modified":"2023-05-23T13:04:12","modified_gmt":"2023-05-23T13:04:12","slug":"corte-a-laser","status":"publish","type":"page","link":"https:\/\/be-simple.pt\/wordpress\/en\/corte-a-laser\/","title":{"rendered":"Cutting"},"content":{"rendered":"<div class=\"wp-block-group alignfull has-background\" style=\"background-color:#f8f4e4\"><div class=\"wp-block-group__inner-container is-layout-flow wp-block-group-is-layout-flow\">\n<div class=\"wp-block-columns alignwide is-layout-flex wp-container-core-columns-is-layout-9d6595d7 wp-block-columns-is-layout-flex\">\n<div class=\"wp-block-column is-layout-flow wp-block-column-is-layout-flow\">\n<div style=\"height:100px\" aria-hidden=\"true\" class=\"wp-block-spacer\"><\/div>\n\n\n\n<h6 class=\"wp-block-heading has-text-color\" id=\"ecosystem\" style=\"color:#000000\">BE SIMPLE<\/h6>\n\n\n\n<p class=\"has-text-color\" style=\"color:#000000;font-size:5vw;line-height:1.1\"><strong>Tipos de corte.<\/strong><\/p>\n\n\n\n<div style=\"height:5px\" aria-hidden=\"true\" class=\"wp-block-spacer\"><\/div>\n<\/div>\n<\/div>\n\n\n\n<div class=\"wp-block-columns alignwide is-layout-flex wp-container-core-columns-is-layout-9d6595d7 wp-block-columns-is-layout-flex\">\n<div class=\"wp-block-column is-layout-flow wp-block-column-is-layout-flow\" style=\"flex-basis:33.38%\">\n<p class=\"has-large-font-size\">Laser cut<\/p>\n\n\n\n<p>Laser cutting machine, allows exact cuts to be made (without fraying), as well as precision without contact for its processing, are decisive points for the use of laser technology in technical clothing.<\/p>\n<\/div>\n\n\n\n<div class=\"wp-block-column is-layout-flow wp-block-column-is-layout-flow\" style=\"flex-basis:33%\">\n<div style=\"height:100px\" aria-hidden=\"true\" class=\"wp-block-spacer\"><\/div>\n\n\n\n<figure class=\"wp-block-image size-large\"><img loading=\"lazy\" decoding=\"async\" width=\"490\" height=\"872\" src=\"https:\/\/be-simple.pt\/wordpress\/wp-content\/uploads\/2023\/05\/corte-laser-1-edited.png\" alt=\"\" class=\"wp-image-726\" srcset=\"https:\/\/be-simple.pt\/wordpress\/wp-content\/uploads\/2023\/05\/corte-laser-1-edited.png 490w, https:\/\/be-simple.pt\/wordpress\/wp-content\/uploads\/2023\/05\/corte-laser-1-edited-169x300.png 169w, https:\/\/be-simple.pt\/wordpress\/wp-content\/uploads\/2023\/05\/corte-laser-1-edited-7x12.png 7w\" sizes=\"auto, (max-width: 490px) 100vw, 490px\" \/><\/figure>\n<\/div>\n\n\n\n<div class=\"wp-block-column is-layout-flow wp-block-column-is-layout-flow\" style=\"flex-basis:33.62%\">\n<figure class=\"wp-block-image size-large\"><img loading=\"lazy\" decoding=\"async\" width=\"490\" height=\"872\" src=\"https:\/\/be-simple.pt\/wordpress\/wp-content\/uploads\/2023\/05\/corte-laser-edited.png\" alt=\"\" class=\"wp-image-727\" srcset=\"https:\/\/be-simple.pt\/wordpress\/wp-content\/uploads\/2023\/05\/corte-laser-edited.png 490w, https:\/\/be-simple.pt\/wordpress\/wp-content\/uploads\/2023\/05\/corte-laser-edited-169x300.png 169w, https:\/\/be-simple.pt\/wordpress\/wp-content\/uploads\/2023\/05\/corte-laser-edited-7x12.png 7w\" sizes=\"auto, (max-width: 490px) 100vw, 490px\" \/><\/figure>\n<\/div>\n<\/div>\n\n\n\n<div class=\"wp-block-columns alignwide is-layout-flex wp-container-core-columns-is-layout-9d6595d7 wp-block-columns-is-layout-flex\">\n<div class=\"wp-block-column is-layout-flow wp-block-column-is-layout-flow\" style=\"flex-basis:67%\"><div class=\"wp-block-image\">\n<figure class=\"alignright size-full\"><img loading=\"lazy\" decoding=\"async\" width=\"768\" height=\"480\" src=\"https:\/\/be-simple.pt\/wordpress\/wp-content\/uploads\/2023\/05\/WhatsApp-Image-2022-01-10-at-16.27.37-edited.jpeg\" alt=\"\" class=\"wp-image-725\" srcset=\"https:\/\/be-simple.pt\/wordpress\/wp-content\/uploads\/2023\/05\/WhatsApp-Image-2022-01-10-at-16.27.37-edited.jpeg 768w, https:\/\/be-simple.pt\/wordpress\/wp-content\/uploads\/2023\/05\/WhatsApp-Image-2022-01-10-at-16.27.37-edited-300x188.jpeg 300w, https:\/\/be-simple.pt\/wordpress\/wp-content\/uploads\/2023\/05\/WhatsApp-Image-2022-01-10-at-16.27.37-edited-18x12.jpeg 18w\" sizes=\"auto, (max-width: 768px) 100vw, 768px\" \/><\/figure>\n<\/div><\/div>\n\n\n\n<div class=\"wp-block-column is-vertically-aligned-center is-layout-flow wp-block-column-is-layout-flow\" style=\"flex-basis:33%\">\n<p class=\"has-large-font-size\">Automatic Cut<\/p>\n\n\n\n<p>Automatic cutting machine, capable of cutting multiple layers of fabric and allowing us to cut a wide variety of textile materials.<\/p>\n<\/div>\n<\/div>\n\n\n\n<div class=\"wp-block-columns alignwide is-layout-flex wp-container-core-columns-is-layout-9d6595d7 wp-block-columns-is-layout-flex\">\n<div class=\"wp-block-column is-layout-flow wp-block-column-is-layout-flow\">\n<div style=\"height:5px\" aria-hidden=\"true\" class=\"wp-block-spacer\"><\/div>\n<\/div>\n<\/div>\n\n\n\n<div class=\"wp-block-columns alignwide is-layout-flex wp-container-core-columns-is-layout-9d6595d7 wp-block-columns-is-layout-flex\">\n<div class=\"wp-block-column is-layout-flow wp-block-column-is-layout-flow\" style=\"flex-basis:33.38%\">\n<p class=\"has-large-font-size\">Manual cut<\/p>\n\n\n\n<p>Handcrafted or with the help of manual cutting machines, it is a technique sometimes used for cutting prototypes and samples, as well as low productions.<\/p>\n<\/div>\n\n\n\n<div class=\"wp-block-column is-layout-flow wp-block-column-is-layout-flow\" style=\"flex-basis:33%\">\n<div style=\"height:100px\" aria-hidden=\"true\" class=\"wp-block-spacer\"><\/div>\n\n\n\n<figure class=\"wp-block-gallery has-nested-images columns-default is-cropped wp-block-gallery-1 is-layout-flex wp-block-gallery-is-layout-flex\">\n<figure class=\"wp-block-image size-large\"><img loading=\"lazy\" decoding=\"async\" width=\"354\" height=\"630\" data-id=\"723\" src=\"https:\/\/be-simple.pt\/wordpress\/wp-content\/uploads\/2023\/05\/corte-manual-edited.png\" alt=\"\" class=\"wp-image-723\" srcset=\"https:\/\/be-simple.pt\/wordpress\/wp-content\/uploads\/2023\/05\/corte-manual-edited.png 354w, https:\/\/be-simple.pt\/wordpress\/wp-content\/uploads\/2023\/05\/corte-manual-edited-169x300.png 169w, https:\/\/be-simple.pt\/wordpress\/wp-content\/uploads\/2023\/05\/corte-manual-edited-7x12.png 7w\" sizes=\"auto, (max-width: 354px) 100vw, 354px\" \/><\/figure>\n<\/figure>\n<\/div>\n\n\n\n<div class=\"wp-block-column is-layout-flow wp-block-column-is-layout-flow\" style=\"flex-basis:33.62%\">\n<figure class=\"wp-block-image size-large\"><img loading=\"lazy\" decoding=\"async\" width=\"490\" height=\"872\" src=\"https:\/\/be-simple.pt\/wordpress\/wp-content\/uploads\/2023\/05\/corte-manual-edited-1.png\" alt=\"\" class=\"wp-image-724\" srcset=\"https:\/\/be-simple.pt\/wordpress\/wp-content\/uploads\/2023\/05\/corte-manual-edited-1.png 490w, https:\/\/be-simple.pt\/wordpress\/wp-content\/uploads\/2023\/05\/corte-manual-edited-1-169x300.png 169w, https:\/\/be-simple.pt\/wordpress\/wp-content\/uploads\/2023\/05\/corte-manual-edited-1-7x12.png 7w\" sizes=\"auto, (max-width: 490px) 100vw, 490px\" \/><\/figure>\n<\/div>\n<\/div>\n<\/div><\/div>","protected":false},"excerpt":{"rendered":"<p>BE SIMPLE Tipos de corte. Corte a Laser M\u00e1quina de corte a laser, permite arestas de corte exatas (sem desfiar), assim como a elevada precis\u00e3o sem ser necess\u00e1rio contacto para o seu processamento, s\u00e3o argumentos decisivos para a utiliza\u00e7\u00e3o da tecnologia laser em vestu\u00e1rio t\u00e9cnico. Corte Autom\u00e1tico M\u00e1quina de corte autom\u00e1tico, com capacidade de cortar [&hellip;]<\/p>\n","protected":false},"author":3,"featured_media":0,"parent":0,"menu_order":0,"comment_status":"closed","ping_status":"closed","template":"","meta":{"footnotes":""},"class_list":["post-149","page","type-page","status-publish","hentry"],"_links":{"self":[{"href":"https:\/\/be-simple.pt\/wordpress\/en\/wp-json\/wp\/v2\/pages\/149","targetHints":{"allow":["GET"]}}],"collection":[{"href":"https:\/\/be-simple.pt\/wordpress\/en\/wp-json\/wp\/v2\/pages"}],"about":[{"href":"https:\/\/be-simple.pt\/wordpress\/en\/wp-json\/wp\/v2\/types\/page"}],"author":[{"embeddable":true,"href":"https:\/\/be-simple.pt\/wordpress\/en\/wp-json\/wp\/v2\/users\/3"}],"replies":[{"embeddable":true,"href":"https:\/\/be-simple.pt\/wordpress\/en\/wp-json\/wp\/v2\/comments?post=149"}],"version-history":[{"count":27,"href":"https:\/\/be-simple.pt\/wordpress\/en\/wp-json\/wp\/v2\/pages\/149\/revisions"}],"predecessor-version":[{"id":722,"href":"https:\/\/be-simple.pt\/wordpress\/en\/wp-json\/wp\/v2\/pages\/149\/revisions\/722"}],"wp:attachment":[{"href":"https:\/\/be-simple.pt\/wordpress\/en\/wp-json\/wp\/v2\/media?parent=149"}],"curies":[{"name":"wp","href":"https:\/\/api.w.org\/{rel}","templated":true}]}}