{"id":565,"date":"2023-02-27T14:31:24","date_gmt":"2023-02-27T14:31:24","guid":{"rendered":"https:\/\/be-simple.pt\/wordpress\/?page_id=565"},"modified":"2023-05-31T09:47:17","modified_gmt":"2023-05-31T09:47:17","slug":"sustentabilidade-2","status":"publish","type":"page","link":"https:\/\/be-simple.pt\/wordpress\/en\/sustentabilidade-2\/","title":{"rendered":"SUSTENTABILIDADE"},"content":{"rendered":"<div class=\"wp-block-group alignfull has-background\" style=\"background-color:#f8f4e4\"><div class=\"wp-block-group__inner-container is-layout-flow wp-block-group-is-layout-flow\">\n<div class=\"wp-block-columns alignwide is-layout-flex wp-container-core-columns-is-layout-9d6595d7 wp-block-columns-is-layout-flex\">\n<div class=\"wp-block-column is-layout-flow wp-block-column-is-layout-flow\">\n<div style=\"height:100px\" aria-hidden=\"true\" class=\"wp-block-spacer\"><\/div>\n\n\n\n<h6 class=\"wp-block-heading has-text-color\" id=\"ecosystem\" style=\"color:#000000\">BE SIMPLE<\/h6>\n\n\n\n<p class=\"has-text-color\" style=\"color:#000000;font-size:5vw;line-height:1.1\"><strong>Sustentabilidade.<\/strong><\/p>\n\n\n\n<div style=\"height:5px\" aria-hidden=\"true\" class=\"wp-block-spacer\"><\/div>\n<\/div>\n<\/div>\n\n\n\n<div class=\"wp-block-columns alignwide is-layout-flex wp-container-core-columns-is-layout-9d6595d7 wp-block-columns-is-layout-flex\">\n<div class=\"wp-block-column is-layout-flow wp-block-column-is-layout-flow\" style=\"flex-basis:33.38%\">\n<p>Um projeto que visa transformar os processos da Be Simple para torn\u00e1-los mais sustent\u00e1veis.<\/p>\n\n\n\n<p>Um conjunto de a\u00e7\u00f5es que podem ser realizadas em escrit\u00f3rios, produ\u00e7\u00e3o, edif\u00edcios ou suporte ao cliente.<\/p>\n\n\n\n<p><\/p>\n\n\n\n<p><strong>RECICLAR<\/strong><\/p>\n\n\n\n<p>Ao reciclar reduzimos a necessidade de utilizar mais recursos naturais.<\/p>\n\n\n\n<p><\/p>\n\n\n\n<p><strong>REDUZIR<\/strong><\/p>\n\n\n\n<p>Ao reduzir o desperd\u00edcio, reduzimos a necessidade de mais aterros sanit\u00e1rios.<\/p>\n\n\n\n<p><\/p>\n\n\n\n<p><strong>REUTILIZAR<\/strong><\/p>\n\n\n\n<p>Ao reutilizar poupamos dinheiro reduzindo o consumo.<\/p>\n\n\n\n<p><\/p>\n<\/div>\n\n\n\n<div class=\"wp-block-column is-layout-flow wp-block-column-is-layout-flow\" style=\"flex-basis:33%\">\n<div style=\"height:100px\" aria-hidden=\"true\" class=\"wp-block-spacer\"><\/div>\n\n\n\n<figure class=\"wp-block-image size-large\"><img decoding=\"async\" src=\"https:\/\/s.w.org\/images\/core\/5.8\/outside-01.jpg\" alt=\"The sun setting through a dense forest.\" loading=\"lazy\" \/><\/figure>\n<\/div>\n\n\n\n<div class=\"wp-block-column is-layout-flow wp-block-column-is-layout-flow\" style=\"flex-basis:33.62%\">\n<figure class=\"wp-block-image size-large\"><img decoding=\"async\" src=\"https:\/\/s.w.org\/images\/core\/5.8\/outside-02.jpg\" alt=\"Wind turbines standing on a grassy plain, against a blue sky.\" loading=\"lazy\" \/><\/figure>\n<\/div>\n<\/div>\n<\/div><\/div>","protected":false},"excerpt":{"rendered":"<p>BE SIMPLE Sustentabilidade. Um projeto que visa transformar os processos da Be Simple para torn\u00e1-los mais sustent\u00e1veis. Um conjunto de a\u00e7\u00f5es que podem ser realizadas em escrit\u00f3rios, produ\u00e7\u00e3o, edif\u00edcios ou suporte ao cliente. RECICLAR Ao reciclar reduzimos a necessidade de utilizar mais recursos naturais. REDUZIR Ao reduzir o desperd\u00edcio, reduzimos a necessidade de mais aterros [&hellip;]<\/p>\n","protected":false},"author":3,"featured_media":0,"parent":0,"menu_order":0,"comment_status":"closed","ping_status":"closed","template":"","meta":{"footnotes":""},"class_list":["post-565","page","type-page","status-publish","hentry"],"_links":{"self":[{"href":"https:\/\/be-simple.pt\/wordpress\/en\/wp-json\/wp\/v2\/pages\/565","targetHints":{"allow":["GET"]}}],"collection":[{"href":"https:\/\/be-simple.pt\/wordpress\/en\/wp-json\/wp\/v2\/pages"}],"about":[{"href":"https:\/\/be-simple.pt\/wordpress\/en\/wp-json\/wp\/v2\/types\/page"}],"author":[{"embeddable":true,"href":"https:\/\/be-simple.pt\/wordpress\/en\/wp-json\/wp\/v2\/users\/3"}],"replies":[{"embeddable":true,"href":"https:\/\/be-simple.pt\/wordpress\/en\/wp-json\/wp\/v2\/comments?post=565"}],"version-history":[{"count":7,"href":"https:\/\/be-simple.pt\/wordpress\/en\/wp-json\/wp\/v2\/pages\/565\/revisions"}],"predecessor-version":[{"id":771,"href":"https:\/\/be-simple.pt\/wordpress\/en\/wp-json\/wp\/v2\/pages\/565\/revisions\/771"}],"wp:attachment":[{"href":"https:\/\/be-simple.pt\/wordpress\/en\/wp-json\/wp\/v2\/media?parent=565"}],"curies":[{"name":"wp","href":"https:\/\/api.w.org\/{rel}","templated":true}]}}