{"id":648,"date":"2023-05-16T14:50:48","date_gmt":"2023-05-16T14:50:48","guid":{"rendered":"https:\/\/be-simple.pt\/wordpress\/?page_id=648"},"modified":"2023-05-22T08:12:40","modified_gmt":"2023-05-22T08:12:40","slug":"648-2","status":"publish","type":"page","link":"https:\/\/be-simple.pt\/wordpress\/en\/648-2\/","title":{"rendered":"Acabamento 1"},"content":{"rendered":"<div class=\"wp-block-group alignfull has-background\" style=\"background-color:#f8f4e4\"><div class=\"wp-block-group__inner-container is-layout-flow wp-block-group-is-layout-flow\">\n<div class=\"wp-block-columns alignwide is-layout-flex wp-container-core-columns-is-layout-9d6595d7 wp-block-columns-is-layout-flex\">\n<div class=\"wp-block-column is-layout-flow wp-block-column-is-layout-flow\">\n<div style=\"height:100px\" aria-hidden=\"true\" class=\"wp-block-spacer\"><\/div>\n\n\n\n<h6 class=\"wp-block-heading has-text-color\" id=\"ecosystem\" style=\"color:#000000\">BE SIMPLE<\/h6>\n\n\n\n<p class=\"has-text-color\" style=\"color:#000000;font-size:5vw;line-height:1.1\"><strong>Finishing<\/strong>.<\/p>\n\n\n\n<div style=\"height:5px\" aria-hidden=\"true\" class=\"wp-block-spacer\"><\/div>\n<\/div>\n<\/div>\n\n\n\n<div class=\"wp-block-columns alignwide is-layout-flex wp-container-core-columns-is-layout-9d6595d7 wp-block-columns-is-layout-flex\">\n<div class=\"wp-block-column is-layout-flow wp-block-column-is-layout-flow\" style=\"flex-basis:33.38%\">\n<p>Finishing is essential in the finalization of the product, where the various components are examined in detail: control of measurements, quality of manufacture, control of accessories and applications, etc.<\/p>\n<\/div>\n\n\n\n<div class=\"wp-block-column is-layout-flow wp-block-column-is-layout-flow\" style=\"flex-basis:33%\">\n<div style=\"height:100px\" aria-hidden=\"true\" class=\"wp-block-spacer\"><\/div>\n\n\n\n<figure class=\"wp-block-image size-large\"><img loading=\"lazy\" decoding=\"async\" width=\"1024\" height=\"768\" src=\"https:\/\/be-simple.pt\/wordpress\/wp-content\/uploads\/2022\/01\/IMG_E3841-1024x768.jpg\" alt=\"\" class=\"wp-image-375\" srcset=\"https:\/\/be-simple.pt\/wordpress\/wp-content\/uploads\/2022\/01\/IMG_E3841-1024x768.jpg 1024w, https:\/\/be-simple.pt\/wordpress\/wp-content\/uploads\/2022\/01\/IMG_E3841-300x225.jpg 300w, https:\/\/be-simple.pt\/wordpress\/wp-content\/uploads\/2022\/01\/IMG_E3841-768x576.jpg 768w, https:\/\/be-simple.pt\/wordpress\/wp-content\/uploads\/2022\/01\/IMG_E3841-1536x1152.jpg 1536w, https:\/\/be-simple.pt\/wordpress\/wp-content\/uploads\/2022\/01\/IMG_E3841-2048x1536.jpg 2048w, https:\/\/be-simple.pt\/wordpress\/wp-content\/uploads\/2022\/01\/IMG_E3841-16x12.jpg 16w\" sizes=\"auto, (max-width: 1024px) 100vw, 1024px\" \/><\/figure>\n<\/div>\n\n\n\n<div class=\"wp-block-column is-layout-flow wp-block-column-is-layout-flow\" style=\"flex-basis:33.62%\">\n<figure class=\"wp-block-image size-large is-resized\"><img loading=\"lazy\" decoding=\"async\" src=\"https:\/\/be-simple.pt\/wordpress\/wp-content\/uploads\/2023\/05\/embalagem-e-transporte-1-edited-1.png\" alt=\"\" class=\"wp-image-650\" width=\"347\" height=\"347\" srcset=\"https:\/\/be-simple.pt\/wordpress\/wp-content\/uploads\/2023\/05\/embalagem-e-transporte-1-edited-1.png 493w, https:\/\/be-simple.pt\/wordpress\/wp-content\/uploads\/2023\/05\/embalagem-e-transporte-1-edited-1-300x300.png 300w, https:\/\/be-simple.pt\/wordpress\/wp-content\/uploads\/2023\/05\/embalagem-e-transporte-1-edited-1-150x150.png 150w, https:\/\/be-simple.pt\/wordpress\/wp-content\/uploads\/2023\/05\/embalagem-e-transporte-1-edited-1-12x12.png 12w\" sizes=\"auto, (max-width: 347px) 100vw, 347px\" \/><\/figure>\n<\/div>\n<\/div>\n\n\n\n<div class=\"wp-block-columns alignwide is-layout-flex wp-container-core-columns-is-layout-9d6595d7 wp-block-columns-is-layout-flex\">\n<div class=\"wp-block-column is-layout-flow wp-block-column-is-layout-flow\" style=\"flex-basis:67%\"><div class=\"wp-block-image\">\n<figure class=\"alignright size-large\"><img loading=\"lazy\" decoding=\"async\" width=\"1024\" height=\"768\" src=\"https:\/\/be-simple.pt\/wordpress\/wp-content\/uploads\/2022\/01\/IMG_E3867-1024x768.jpg\" alt=\"\" class=\"wp-image-378\" srcset=\"https:\/\/be-simple.pt\/wordpress\/wp-content\/uploads\/2022\/01\/IMG_E3867-1024x768.jpg 1024w, https:\/\/be-simple.pt\/wordpress\/wp-content\/uploads\/2022\/01\/IMG_E3867-300x225.jpg 300w, https:\/\/be-simple.pt\/wordpress\/wp-content\/uploads\/2022\/01\/IMG_E3867-768x576.jpg 768w, https:\/\/be-simple.pt\/wordpress\/wp-content\/uploads\/2022\/01\/IMG_E3867-1536x1152.jpg 1536w, https:\/\/be-simple.pt\/wordpress\/wp-content\/uploads\/2022\/01\/IMG_E3867-2048x1536.jpg 2048w, https:\/\/be-simple.pt\/wordpress\/wp-content\/uploads\/2022\/01\/IMG_E3867-16x12.jpg 16w\" sizes=\"auto, (max-width: 1024px) 100vw, 1024px\" \/><\/figure>\n<\/div><\/div>\n\n\n\n<div class=\"wp-block-column is-vertically-aligned-center is-layout-flow wp-block-column-is-layout-flow\" style=\"flex-basis:33%\">\n<p class=\"has-text-color has-extra-small-font-size\" style=\"color:#000000\">In this way, the pieces are reviewed and trimmed, ironed with industrial irons and, finally, quality checked in order to guarantee high quality. Subsequently, the folding is done manually according to the type of piece and volume of the order.<\/p>\n<\/div>\n<\/div>\n<\/div><\/div>","protected":false},"excerpt":{"rendered":"<p>BE SIMPLE Acabamento. O acabamento \u00e9 essencial na finaliza\u00e7\u00e3o do produto onde s\u00e3o examinados ao m\u00ednimo detalhe as v\u00e1rias componentes: controlo de medidas, qualidade de confe\u00e7\u00e3o, controlo dos acess\u00f3rios e aplica\u00e7\u00f5es, etc. Deste modo as pe\u00e7as revistadas, engomadas com ferros industriais e, finalmente controladas de modo a garantir a qualidade. Posteriormente, a dobragem \u00e9 feita [&hellip;]<\/p>\n","protected":false},"author":3,"featured_media":0,"parent":0,"menu_order":0,"comment_status":"closed","ping_status":"closed","template":"","meta":{"footnotes":""},"class_list":["post-648","page","type-page","status-publish","hentry"],"_links":{"self":[{"href":"https:\/\/be-simple.pt\/wordpress\/en\/wp-json\/wp\/v2\/pages\/648","targetHints":{"allow":["GET"]}}],"collection":[{"href":"https:\/\/be-simple.pt\/wordpress\/en\/wp-json\/wp\/v2\/pages"}],"about":[{"href":"https:\/\/be-simple.pt\/wordpress\/en\/wp-json\/wp\/v2\/types\/page"}],"author":[{"embeddable":true,"href":"https:\/\/be-simple.pt\/wordpress\/en\/wp-json\/wp\/v2\/users\/3"}],"replies":[{"embeddable":true,"href":"https:\/\/be-simple.pt\/wordpress\/en\/wp-json\/wp\/v2\/comments?post=648"}],"version-history":[{"count":4,"href":"https:\/\/be-simple.pt\/wordpress\/en\/wp-json\/wp\/v2\/pages\/648\/revisions"}],"predecessor-version":[{"id":697,"href":"https:\/\/be-simple.pt\/wordpress\/en\/wp-json\/wp\/v2\/pages\/648\/revisions\/697"}],"wp:attachment":[{"href":"https:\/\/be-simple.pt\/wordpress\/en\/wp-json\/wp\/v2\/media?parent=648"}],"curies":[{"name":"wp","href":"https:\/\/api.w.org\/{rel}","templated":true}]}}