{"id":655,"date":"2023-05-16T15:50:29","date_gmt":"2023-05-16T15:50:29","guid":{"rendered":"https:\/\/be-simple.pt\/wordpress\/?page_id=655"},"modified":"2023-05-16T16:25:08","modified_gmt":"2023-05-16T16:25:08","slug":"655-2","status":"publish","type":"page","link":"https:\/\/be-simple.pt\/wordpress\/en\/655-2\/","title":{"rendered":"Confe\u00e7\u00e3o 1"},"content":{"rendered":"<div class=\"wp-block-group alignfull has-background\" style=\"background-color:#f8f4e4\"><div class=\"wp-block-group__inner-container is-layout-flow wp-block-group-is-layout-flow\">\n<div class=\"wp-block-columns alignwide is-layout-flex wp-container-core-columns-is-layout-9d6595d7 wp-block-columns-is-layout-flex\">\n<div class=\"wp-block-column is-layout-flow wp-block-column-is-layout-flow\">\n<div style=\"height:100px\" aria-hidden=\"true\" class=\"wp-block-spacer\"><\/div>\n\n\n\n<h6 class=\"wp-block-heading has-text-color\" id=\"ecosystem\" style=\"color:#000000\">BE SIMPLE<\/h6>\n\n\n\n<p class=\"has-text-color\" style=\"color:#000000;font-size:5vw;line-height:1.1\"><strong>Confec\u00e7\u00e3o.<\/strong><\/p>\n\n\n\n<div style=\"height:5px\" aria-hidden=\"true\" class=\"wp-block-spacer\"><\/div>\n<\/div>\n<\/div>\n\n\n\n<div class=\"wp-block-columns alignwide is-layout-flex wp-container-core-columns-is-layout-9d6595d7 wp-block-columns-is-layout-flex\">\n<div class=\"wp-block-column is-layout-flow wp-block-column-is-layout-flow\" style=\"flex-basis:33.38%\">\n<div class=\"wp-block-columns is-layout-flex wp-container-core-columns-is-layout-9d6595d7 wp-block-columns-is-layout-flex\">\n<div class=\"wp-block-column is-layout-flow wp-block-column-is-layout-flow\" style=\"flex-basis:100%\">\n<p>    We have modern facilities and equipment that allow us to provide a flexible and quick response to our clients, without ever neglecting the quality control of our products. The 1000m2 makes it easier for the production process to run smoothly between the different sectors, from the entry of raw materials to the delivery of the final product.<\/p>\n<\/div>\n<\/div>\n\n\n\n<p>     We have the most varied technologies, which combined with the knowledge and dedication of our seamstresses allow the production of high quality articles.<\/p>\n<\/div>\n\n\n\n<div class=\"wp-block-column is-layout-flow wp-block-column-is-layout-flow\" style=\"flex-basis:33%\">\n<div style=\"height:100px\" aria-hidden=\"true\" class=\"wp-block-spacer\"><\/div>\n\n\n\n<figure class=\"wp-block-image size-large\"><img loading=\"lazy\" decoding=\"async\" width=\"493\" height=\"493\" src=\"https:\/\/be-simple.pt\/wordpress\/wp-content\/uploads\/2023\/05\/Sem-Titulo-1-2-edited.png\" alt=\"\" class=\"wp-image-656\" srcset=\"https:\/\/be-simple.pt\/wordpress\/wp-content\/uploads\/2023\/05\/Sem-Titulo-1-2-edited.png 493w, https:\/\/be-simple.pt\/wordpress\/wp-content\/uploads\/2023\/05\/Sem-Titulo-1-2-edited-300x300.png 300w, https:\/\/be-simple.pt\/wordpress\/wp-content\/uploads\/2023\/05\/Sem-Titulo-1-2-edited-150x150.png 150w, https:\/\/be-simple.pt\/wordpress\/wp-content\/uploads\/2023\/05\/Sem-Titulo-1-2-edited-12x12.png 12w\" sizes=\"auto, (max-width: 493px) 100vw, 493px\" \/><\/figure>\n<\/div>\n\n\n\n<div class=\"wp-block-column is-layout-flow wp-block-column-is-layout-flow\" style=\"flex-basis:33.62%\">\n<figure class=\"wp-block-image size-large\"><img loading=\"lazy\" decoding=\"async\" width=\"493\" height=\"493\" src=\"https:\/\/be-simple.pt\/wordpress\/wp-content\/uploads\/2023\/05\/Sem-Titulo-1-1-edited.png\" alt=\"\" class=\"wp-image-657\" srcset=\"https:\/\/be-simple.pt\/wordpress\/wp-content\/uploads\/2023\/05\/Sem-Titulo-1-1-edited.png 493w, https:\/\/be-simple.pt\/wordpress\/wp-content\/uploads\/2023\/05\/Sem-Titulo-1-1-edited-300x300.png 300w, https:\/\/be-simple.pt\/wordpress\/wp-content\/uploads\/2023\/05\/Sem-Titulo-1-1-edited-150x150.png 150w, https:\/\/be-simple.pt\/wordpress\/wp-content\/uploads\/2023\/05\/Sem-Titulo-1-1-edited-12x12.png 12w\" sizes=\"auto, (max-width: 493px) 100vw, 493px\" \/><\/figure>\n<\/div>\n<\/div>\n\n\n\n<div class=\"wp-block-columns alignwide is-layout-flex wp-container-core-columns-is-layout-9d6595d7 wp-block-columns-is-layout-flex\">\n<div class=\"wp-block-column is-layout-flow wp-block-column-is-layout-flow\" style=\"flex-basis:67%\"><div class=\"wp-block-image\">\n<figure class=\"alignright size-large\"><img loading=\"lazy\" decoding=\"async\" width=\"1024\" height=\"768\" src=\"https:\/\/be-simple.pt\/wordpress\/wp-content\/uploads\/2022\/01\/IMG_E3849-1024x768.jpg\" alt=\"\" class=\"wp-image-372\" srcset=\"https:\/\/be-simple.pt\/wordpress\/wp-content\/uploads\/2022\/01\/IMG_E3849-1024x768.jpg 1024w, https:\/\/be-simple.pt\/wordpress\/wp-content\/uploads\/2022\/01\/IMG_E3849-300x225.jpg 300w, https:\/\/be-simple.pt\/wordpress\/wp-content\/uploads\/2022\/01\/IMG_E3849-768x576.jpg 768w, https:\/\/be-simple.pt\/wordpress\/wp-content\/uploads\/2022\/01\/IMG_E3849-1536x1152.jpg 1536w, https:\/\/be-simple.pt\/wordpress\/wp-content\/uploads\/2022\/01\/IMG_E3849-2048x1536.jpg 2048w, https:\/\/be-simple.pt\/wordpress\/wp-content\/uploads\/2022\/01\/IMG_E3849-16x12.jpg 16w\" sizes=\"auto, (max-width: 1024px) 100vw, 1024px\" \/><\/figure>\n<\/div><\/div>\n\n\n\n<div class=\"wp-block-column is-vertically-aligned-center is-layout-flow wp-block-column-is-layout-flow\" style=\"flex-basis:33%\">\n<p>Tecnologias dispon\u00edveis:<\/p>\n\n\n\n<ul class=\"wp-block-list\">\n<li>High frequency<\/li>\n\n\n\n<li>Embroidery<\/li>\n\n\n\n<li>Embroidery with sequins and beads<\/li>\n\n\n\n<li>Bonded seams<\/li>\n\n\n\n<li>Special effects (leaf, membranes\u2026)<\/li>\n\n\n\n<li>Laser printing<\/li>\n\n\n\n<li>Total impression<\/li>\n\n\n\n<li>Digital printing and traditional printing<\/li>\n\n\n\n<li>Induction<\/li>\n\n\n\n<li>Sublimation<\/li>\n\n\n\n<li>Bonded fabrics<\/li>\n\n\n\n<li>All types of fusion processes<\/li>\n\n\n\n<li>Mixed media apparel<\/li>\n\n\n\n<li>Production and quality system<\/li>\n<\/ul>\n<\/div>\n<\/div>\n<\/div><\/div>","protected":false},"excerpt":{"rendered":"<p>BE SIMPLE Confec\u00e7\u00e3o. Detemos de instala\u00e7\u00f5es e equipamentos modernos que possibilitam dar uma flex\u00edvel e r\u00e1pida resposta aos nossos clientes, sem nunca descuidar o controlo da qualidade dos nossos produtos. Os 1000m2 facilitam que o processo produtivo decorra com fluidez entre os diferentes sectores, desde a entrada das mat\u00e9rias primas at\u00e9 \u00e0 entrega do produto [&hellip;]<\/p>\n","protected":false},"author":3,"featured_media":0,"parent":0,"menu_order":0,"comment_status":"closed","ping_status":"closed","template":"","meta":{"footnotes":""},"class_list":["post-655","page","type-page","status-publish","hentry"],"_links":{"self":[{"href":"https:\/\/be-simple.pt\/wordpress\/en\/wp-json\/wp\/v2\/pages\/655","targetHints":{"allow":["GET"]}}],"collection":[{"href":"https:\/\/be-simple.pt\/wordpress\/en\/wp-json\/wp\/v2\/pages"}],"about":[{"href":"https:\/\/be-simple.pt\/wordpress\/en\/wp-json\/wp\/v2\/types\/page"}],"author":[{"embeddable":true,"href":"https:\/\/be-simple.pt\/wordpress\/en\/wp-json\/wp\/v2\/users\/3"}],"replies":[{"embeddable":true,"href":"https:\/\/be-simple.pt\/wordpress\/en\/wp-json\/wp\/v2\/comments?post=655"}],"version-history":[{"count":10,"href":"https:\/\/be-simple.pt\/wordpress\/en\/wp-json\/wp\/v2\/pages\/655\/revisions"}],"predecessor-version":[{"id":665,"href":"https:\/\/be-simple.pt\/wordpress\/en\/wp-json\/wp\/v2\/pages\/655\/revisions\/665"}],"wp:attachment":[{"href":"https:\/\/be-simple.pt\/wordpress\/en\/wp-json\/wp\/v2\/media?parent=655"}],"curies":[{"name":"wp","href":"https:\/\/api.w.org\/{rel}","templated":true}]}}