{"id":704,"date":"2023-05-22T08:43:13","date_gmt":"2023-05-22T08:43:13","guid":{"rendered":"https:\/\/be-simple.pt\/wordpress\/?page_id=704"},"modified":"2023-05-23T10:58:35","modified_gmt":"2023-05-23T10:58:35","slug":"equipamentos-2","status":"publish","type":"page","link":"https:\/\/be-simple.pt\/wordpress\/en\/equipamentos-2\/","title":{"rendered":"Equipamentos."},"content":{"rendered":"<div class=\"wp-block-group alignfull has-background\" style=\"background-color:#f2f0e9\"><div class=\"wp-block-group__inner-container is-layout-flow wp-block-group-is-layout-flow\">\n<div style=\"height:70px\" aria-hidden=\"true\" class=\"wp-block-spacer\"><\/div>\n\n\n\n<div class=\"wp-block-columns alignwide are-vertically-aligned-center is-layout-flex wp-container-core-columns-is-layout-9d6595d7 wp-block-columns-is-layout-flex\">\n<div class=\"wp-block-column is-layout-flow wp-block-column-is-layout-flow\" style=\"flex-basis:50%\">\n<p class=\"has-text-color\" style=\"color:#000000;font-size:30px;line-height:1.1\"><strong>Equipamentos.<\/strong><\/p>\n<\/div>\n\n\n\n<div class=\"wp-block-column is-layout-flow wp-block-column-is-layout-flow\" style=\"flex-basis:50%\">\n<hr class=\"wp-block-separator has-text-color has-css-opacity has-background is-style-wide\" style=\"background-color:#000000;color:#000000\"\/>\n<\/div>\n<\/div>\n\n\n\n<div class=\"wp-block-columns alignwide is-layout-flex wp-container-core-columns-is-layout-9d6595d7 wp-block-columns-is-layout-flex\">\n<div class=\"wp-block-column is-layout-flow wp-block-column-is-layout-flow\">\n<p><strong>Reuse<\/strong><\/p>\n<\/div>\n\n\n\n<div class=\"wp-block-column is-layout-flow wp-block-column-is-layout-flow\">\n<p class=\"has-text-color has-extra-small-font-size\" style=\"color:#000000\">Creation of a second life to avoid waste: equipment that is out of use is reused for new functions, as well as obsolete equipment is disassembled and components reused.<\/p>\n<\/div>\n\n\n\n<div class=\"wp-block-column is-layout-flow wp-block-column-is-layout-flow\">\n<p class=\"has-text-color has-extra-small-font-size\" style=\"color:#000000\"><\/p>\n<\/div>\n<\/div>\n\n\n\n<div style=\"height:40px\" aria-hidden=\"true\" class=\"wp-block-spacer\"><\/div>\n\n\n\n<div class=\"wp-block-columns alignwide are-vertically-aligned-center is-layout-flex wp-container-core-columns-is-layout-9d6595d7 wp-block-columns-is-layout-flex\">\n<div class=\"wp-block-column is-layout-flow wp-block-column-is-layout-flow\"><\/div>\n\n\n\n<div class=\"wp-block-column is-layout-flow wp-block-column-is-layout-flow\"><\/div>\n<\/div>\n\n\n\n<div class=\"wp-block-columns alignwide is-layout-flex wp-container-core-columns-is-layout-9d6595d7 wp-block-columns-is-layout-flex\">\n<div class=\"wp-block-column is-layout-flow wp-block-column-is-layout-flow\">\n<p><strong><strong>Repair<\/strong><\/strong><\/p>\n<\/div>\n\n\n\n<div class=\"wp-block-column is-layout-flow wp-block-column-is-layout-flow\">\n<p class=\"has-text-color has-extra-small-font-size\" style=\"color:#000000\">Repair of equipment by an in-house team to extend its life cycle.<\/p>\n<\/div>\n\n\n\n<div class=\"wp-block-column is-layout-flow wp-block-column-is-layout-flow\">\n<p class=\"has-text-color has-extra-small-font-size\" style=\"color:#000000\"><\/p>\n<\/div>\n<\/div>\n<\/div><\/div>","protected":false},"excerpt":{"rendered":"<p>Equipamentos. Reaproveitamento Cria\u00e7\u00e3o de uma segunda vida para evitar desperd\u00edcio: os equipamentos fora de uso s\u00e3o reaproveitados para novas fun\u00e7\u00f5es, assim como equipamentos obsoletos s\u00e3o desmontados e reaproveitados componentes. Repara\u00e7\u00e3o Repara\u00e7\u00e3o de equipamentos por uma equipa interna para alargar o seu ciclo de vida.<\/p>","protected":false},"author":3,"featured_media":0,"parent":0,"menu_order":0,"comment_status":"closed","ping_status":"closed","template":"","meta":{"footnotes":""},"class_list":["post-704","page","type-page","status-publish","hentry"],"_links":{"self":[{"href":"https:\/\/be-simple.pt\/wordpress\/en\/wp-json\/wp\/v2\/pages\/704","targetHints":{"allow":["GET"]}}],"collection":[{"href":"https:\/\/be-simple.pt\/wordpress\/en\/wp-json\/wp\/v2\/pages"}],"about":[{"href":"https:\/\/be-simple.pt\/wordpress\/en\/wp-json\/wp\/v2\/types\/page"}],"author":[{"embeddable":true,"href":"https:\/\/be-simple.pt\/wordpress\/en\/wp-json\/wp\/v2\/users\/3"}],"replies":[{"embeddable":true,"href":"https:\/\/be-simple.pt\/wordpress\/en\/wp-json\/wp\/v2\/comments?post=704"}],"version-history":[{"count":2,"href":"https:\/\/be-simple.pt\/wordpress\/en\/wp-json\/wp\/v2\/pages\/704\/revisions"}],"predecessor-version":[{"id":719,"href":"https:\/\/be-simple.pt\/wordpress\/en\/wp-json\/wp\/v2\/pages\/704\/revisions\/719"}],"wp:attachment":[{"href":"https:\/\/be-simple.pt\/wordpress\/en\/wp-json\/wp\/v2\/media?parent=704"}],"curies":[{"name":"wp","href":"https:\/\/api.w.org\/{rel}","templated":true}]}}