{"id":708,"date":"2023-05-22T09:27:54","date_gmt":"2023-05-22T09:27:54","guid":{"rendered":"https:\/\/be-simple.pt\/wordpress\/?page_id=708"},"modified":"2023-05-22T09:44:17","modified_gmt":"2023-05-22T09:44:17","slug":"residuos-e-recursos-2","status":"publish","type":"page","link":"https:\/\/be-simple.pt\/wordpress\/en\/residuos-e-recursos-2\/","title":{"rendered":"Res\u00edduos e Recursos."},"content":{"rendered":"<div class=\"wp-block-group alignfull has-background\" style=\"background-color:#f2f0e9\"><div class=\"wp-block-group__inner-container is-layout-flow wp-block-group-is-layout-flow\">\n<div style=\"height:70px\" aria-hidden=\"true\" class=\"wp-block-spacer\"><\/div>\n\n\n\n<div class=\"wp-block-columns alignwide are-vertically-aligned-center is-layout-flex wp-container-core-columns-is-layout-9d6595d7 wp-block-columns-is-layout-flex\">\n<div class=\"wp-block-column is-layout-flow wp-block-column-is-layout-flow\" style=\"flex-basis:50%\">\n<p class=\"has-text-color\" style=\"color:#000000;font-size:30px;line-height:1.1\"><strong>Res\u00edduos e Recursos.<\/strong><\/p>\n<\/div>\n\n\n\n<div class=\"wp-block-column is-layout-flow wp-block-column-is-layout-flow\" style=\"flex-basis:50%\">\n<hr class=\"wp-block-separator has-text-color has-css-opacity has-background is-style-wide\" style=\"background-color:#000000;color:#000000\"\/>\n<\/div>\n<\/div>\n\n\n\n<div class=\"wp-block-columns alignwide is-layout-flex wp-container-core-columns-is-layout-9d6595d7 wp-block-columns-is-layout-flex\">\n<div class=\"wp-block-column is-layout-flow wp-block-column-is-layout-flow\">\n<p><strong>Sustainable choices<\/strong><\/p>\n<\/div>\n\n\n\n<div class=\"wp-block-column is-layout-flow wp-block-column-is-layout-flow\">\n<ul class=\"wp-block-list\">\n<li>In the day-to-day life at Be Simple, we explore sustainable practices in all processes, from creation and development, to the choice of materials and the manufacture of the pieces themselves. <\/li>\n\n\n\n<li>We collaborate with suppliers with supporting certifications (GOTS, BCI, GRS, European Flax) to source sustainable materials \u2013 recycled, organic, natural and biodegradable.<\/li>\n<\/ul>\n<\/div>\n\n\n\n<div class=\"wp-block-column is-layout-flow wp-block-column-is-layout-flow\">\n<ul class=\"wp-block-list\">\n<li>Use of biodegradable garbage bags.<\/li>\n\n\n\n<li>Use of FSC\/PEFC certified cartons.<\/li>\n\n\n\n<li>Use of PVC-free plastic.<\/li>\n<\/ul>\n<\/div>\n<\/div>\n\n\n\n<div class=\"wp-block-columns alignwide is-layout-flex wp-container-core-columns-is-layout-9d6595d7 wp-block-columns-is-layout-flex\">\n<div class=\"wp-block-column is-layout-flow wp-block-column-is-layout-flow\">\n<p><strong>Recycling<\/strong><\/p>\n<\/div>\n\n\n\n<div class=\"wp-block-column is-layout-flow wp-block-column-is-layout-flow\">\n<ul class=\"wp-block-list\">\n<li>Creation of communication tools with employees to encourage recycling.<\/li>\n\n\n\n<li>Implementation of appropriate containers and locations for the correct separation of waste.<\/li>\n<\/ul>\n<\/div>\n\n\n\n<div class=\"wp-block-column is-layout-flow wp-block-column-is-layout-flow\"><\/div>\n<\/div>\n\n\n\n<div class=\"wp-block-columns alignwide is-layout-flex wp-container-core-columns-is-layout-9d6595d7 wp-block-columns-is-layout-flex\">\n<div class=\"wp-block-column is-layout-flow wp-block-column-is-layout-flow\">\n<p><strong>Reuse<\/strong><\/p>\n<\/div>\n\n\n\n<div class=\"wp-block-column is-layout-flow wp-block-column-is-layout-flow\">\n<ul class=\"wp-block-list\">\n<li>Reuse of pallets in the warehouse.<\/li>\n\n\n\n<li>Reuse of boxes from suppliers.<\/li>\n\n\n\n<li>Reuse of plastic bags that are used in the warehouse for material distribution.<\/li>\n<\/ul>\n<\/div>\n\n\n\n<div class=\"wp-block-column is-layout-flow wp-block-column-is-layout-flow\"><\/div>\n<\/div>\n<\/div><\/div>","protected":false},"excerpt":{"rendered":"<p>Res\u00edduos e Recursos. Escolhas Sustent\u00e1veis Reciclagem Reutiliza\u00e7\u00e3o<\/p>","protected":false},"author":3,"featured_media":0,"parent":0,"menu_order":0,"comment_status":"closed","ping_status":"closed","template":"","meta":{"footnotes":""},"class_list":["post-708","page","type-page","status-publish","hentry"],"_links":{"self":[{"href":"https:\/\/be-simple.pt\/wordpress\/en\/wp-json\/wp\/v2\/pages\/708","targetHints":{"allow":["GET"]}}],"collection":[{"href":"https:\/\/be-simple.pt\/wordpress\/en\/wp-json\/wp\/v2\/pages"}],"about":[{"href":"https:\/\/be-simple.pt\/wordpress\/en\/wp-json\/wp\/v2\/types\/page"}],"author":[{"embeddable":true,"href":"https:\/\/be-simple.pt\/wordpress\/en\/wp-json\/wp\/v2\/users\/3"}],"replies":[{"embeddable":true,"href":"https:\/\/be-simple.pt\/wordpress\/en\/wp-json\/wp\/v2\/comments?post=708"}],"version-history":[{"count":2,"href":"https:\/\/be-simple.pt\/wordpress\/en\/wp-json\/wp\/v2\/pages\/708\/revisions"}],"predecessor-version":[{"id":712,"href":"https:\/\/be-simple.pt\/wordpress\/en\/wp-json\/wp\/v2\/pages\/708\/revisions\/712"}],"wp:attachment":[{"href":"https:\/\/be-simple.pt\/wordpress\/en\/wp-json\/wp\/v2\/media?parent=708"}],"curies":[{"name":"wp","href":"https:\/\/api.w.org\/{rel}","templated":true}]}}