{"id":655,"date":"2023-05-16T15:50:29","date_gmt":"2023-05-16T15:50:29","guid":{"rendered":"https:\/\/be-simple.pt\/wordpress\/?page_id=655"},"modified":"2023-05-16T16:25:08","modified_gmt":"2023-05-16T16:25:08","slug":"655-2","status":"publish","type":"page","link":"https:\/\/be-simple.pt\/wordpress\/655-2\/","title":{"rendered":"Confe\u00e7\u00e3o 1"},"content":{"rendered":"\n<div class=\"wp-block-group alignfull has-background\" style=\"background-color:#f8f4e4\"><div class=\"wp-block-group__inner-container is-layout-flow wp-block-group-is-layout-flow\">\n<div class=\"wp-block-columns alignwide is-layout-flex wp-container-core-columns-is-layout-9d6595d7 wp-block-columns-is-layout-flex\">\n<div class=\"wp-block-column is-layout-flow wp-block-column-is-layout-flow\">\n<div style=\"height:100px\" aria-hidden=\"true\" class=\"wp-block-spacer\"><\/div>\n\n\n\n<h6 class=\"wp-block-heading has-text-color\" id=\"ecosystem\" style=\"color:#000000\">BE SIMPLE<\/h6>\n\n\n\n<p class=\"has-text-color\" style=\"color:#000000;font-size:5vw;line-height:1.1\"><strong>Confec\u00e7\u00e3o.<\/strong><\/p>\n\n\n\n<div style=\"height:5px\" aria-hidden=\"true\" class=\"wp-block-spacer\"><\/div>\n<\/div>\n<\/div>\n\n\n\n<div class=\"wp-block-columns alignwide is-layout-flex wp-container-core-columns-is-layout-9d6595d7 wp-block-columns-is-layout-flex\">\n<div class=\"wp-block-column is-layout-flow wp-block-column-is-layout-flow\" style=\"flex-basis:33.38%\">\n<div class=\"wp-block-columns is-layout-flex wp-container-core-columns-is-layout-9d6595d7 wp-block-columns-is-layout-flex\">\n<div class=\"wp-block-column is-layout-flow wp-block-column-is-layout-flow\" style=\"flex-basis:100%\">\n<p>    Detemos de instala\u00e7\u00f5es e equipamentos modernos que possibilitam dar uma flex\u00edvel e r\u00e1pida resposta aos nossos clientes, sem nunca descuidar o controlo da qualidade dos nossos produtos. Os 1000m2 facilitam que o processo produtivo decorra com fluidez entre os diferentes sectores, desde a entrada das mat\u00e9rias primas at\u00e9 \u00e0 entrega do produto final.<\/p>\n<\/div>\n<\/div>\n\n\n\n<p>     Dispomos das mais variadas tecnologias, que aliadas ao conhecimento e dedica\u00e7\u00e3o das nossas costureiras permitem a confe\u00e7\u00e3o de artigos de qualidade.<\/p>\n<\/div>\n\n\n\n<div class=\"wp-block-column is-layout-flow wp-block-column-is-layout-flow\" style=\"flex-basis:33%\">\n<div style=\"height:100px\" aria-hidden=\"true\" class=\"wp-block-spacer\"><\/div>\n\n\n\n<figure class=\"wp-block-image size-large\"><img loading=\"lazy\" decoding=\"async\" width=\"493\" height=\"493\" src=\"https:\/\/be-simple.pt\/wordpress\/wp-content\/uploads\/2023\/05\/Sem-Titulo-1-2-edited.png\" alt=\"\" class=\"wp-image-656\" srcset=\"https:\/\/be-simple.pt\/wordpress\/wp-content\/uploads\/2023\/05\/Sem-Titulo-1-2-edited.png 493w, https:\/\/be-simple.pt\/wordpress\/wp-content\/uploads\/2023\/05\/Sem-Titulo-1-2-edited-300x300.png 300w, https:\/\/be-simple.pt\/wordpress\/wp-content\/uploads\/2023\/05\/Sem-Titulo-1-2-edited-150x150.png 150w, https:\/\/be-simple.pt\/wordpress\/wp-content\/uploads\/2023\/05\/Sem-Titulo-1-2-edited-12x12.png 12w\" sizes=\"auto, (max-width: 493px) 100vw, 493px\" \/><\/figure>\n<\/div>\n\n\n\n<div class=\"wp-block-column is-layout-flow wp-block-column-is-layout-flow\" style=\"flex-basis:33.62%\">\n<figure class=\"wp-block-image size-large\"><img loading=\"lazy\" decoding=\"async\" width=\"493\" height=\"493\" src=\"https:\/\/be-simple.pt\/wordpress\/wp-content\/uploads\/2023\/05\/Sem-Titulo-1-1-edited.png\" alt=\"\" class=\"wp-image-657\" srcset=\"https:\/\/be-simple.pt\/wordpress\/wp-content\/uploads\/2023\/05\/Sem-Titulo-1-1-edited.png 493w, https:\/\/be-simple.pt\/wordpress\/wp-content\/uploads\/2023\/05\/Sem-Titulo-1-1-edited-300x300.png 300w, https:\/\/be-simple.pt\/wordpress\/wp-content\/uploads\/2023\/05\/Sem-Titulo-1-1-edited-150x150.png 150w, https:\/\/be-simple.pt\/wordpress\/wp-content\/uploads\/2023\/05\/Sem-Titulo-1-1-edited-12x12.png 12w\" sizes=\"auto, (max-width: 493px) 100vw, 493px\" \/><\/figure>\n<\/div>\n<\/div>\n\n\n\n<div class=\"wp-block-columns alignwide is-layout-flex wp-container-core-columns-is-layout-9d6595d7 wp-block-columns-is-layout-flex\">\n<div class=\"wp-block-column is-layout-flow wp-block-column-is-layout-flow\" style=\"flex-basis:67%\"><div class=\"wp-block-image\">\n<figure class=\"alignright size-large\"><img loading=\"lazy\" decoding=\"async\" width=\"1024\" height=\"768\" src=\"https:\/\/be-simple.pt\/wordpress\/wp-content\/uploads\/2022\/01\/IMG_E3849-1024x768.jpg\" alt=\"\" class=\"wp-image-372\" srcset=\"https:\/\/be-simple.pt\/wordpress\/wp-content\/uploads\/2022\/01\/IMG_E3849-1024x768.jpg 1024w, https:\/\/be-simple.pt\/wordpress\/wp-content\/uploads\/2022\/01\/IMG_E3849-300x225.jpg 300w, https:\/\/be-simple.pt\/wordpress\/wp-content\/uploads\/2022\/01\/IMG_E3849-768x576.jpg 768w, https:\/\/be-simple.pt\/wordpress\/wp-content\/uploads\/2022\/01\/IMG_E3849-1536x1152.jpg 1536w, https:\/\/be-simple.pt\/wordpress\/wp-content\/uploads\/2022\/01\/IMG_E3849-2048x1536.jpg 2048w, https:\/\/be-simple.pt\/wordpress\/wp-content\/uploads\/2022\/01\/IMG_E3849-16x12.jpg 16w\" sizes=\"auto, (max-width: 1024px) 100vw, 1024px\" \/><\/figure>\n<\/div><\/div>\n\n\n\n<div class=\"wp-block-column is-vertically-aligned-center is-layout-flow wp-block-column-is-layout-flow\" style=\"flex-basis:33%\">\n<p>Tecnologias dispon\u00edveis:<\/p>\n\n\n\n<ul class=\"wp-block-list\">\n<li>Alta frequ\u00eancia<\/li>\n\n\n\n<li>Bordado<\/li>\n\n\n\n<li>Bordado de lantejoulas e missangas<\/li>\n\n\n\n<li>Costuras coladas<\/li>\n\n\n\n<li>Efeitos especiais (folha, membranas\u2026)<\/li>\n\n\n\n<li>Impress\u00e3o a laser<\/li>\n\n\n\n<li>Impress\u00e3o total<\/li>\n\n\n\n<li>Impress\u00e3o digital e impress\u00e3o tradicional<\/li>\n\n\n\n<li>Indu\u00e7\u00e3o<\/li>\n\n\n\n<li>Sublima\u00e7\u00e3o<\/li>\n\n\n\n<li>Tecidos colados<\/li>\n\n\n\n<li>Todos os tipos de processos de fus\u00e3o<\/li>\n\n\n\n<li>Vestu\u00e1rio de m\u00eddia mista<\/li>\n\n\n\n<li>Sistema de produ\u00e7\u00e3o e qualidade<\/li>\n<\/ul>\n<\/div>\n<\/div>\n<\/div><\/div>\n","protected":false},"excerpt":{"rendered":"<p>BE SIMPLE Confec\u00e7\u00e3o. Detemos de instala\u00e7\u00f5es e equipamentos modernos que possibilitam dar uma flex\u00edvel e r\u00e1pida resposta aos nossos clientes, sem nunca descuidar o controlo da qualidade dos nossos produtos. Os 1000m2 facilitam que o processo produtivo decorra com fluidez entre os diferentes sectores, desde a entrada das mat\u00e9rias primas at\u00e9 \u00e0 entrega do produto [&hellip;]<\/p>\n","protected":false},"author":3,"featured_media":0,"parent":0,"menu_order":0,"comment_status":"closed","ping_status":"closed","template":"","meta":{"footnotes":""},"class_list":["post-655","page","type-page","status-publish","hentry"],"_links":{"self":[{"href":"https:\/\/be-simple.pt\/wordpress\/wp-json\/wp\/v2\/pages\/655","targetHints":{"allow":["GET"]}}],"collection":[{"href":"https:\/\/be-simple.pt\/wordpress\/wp-json\/wp\/v2\/pages"}],"about":[{"href":"https:\/\/be-simple.pt\/wordpress\/wp-json\/wp\/v2\/types\/page"}],"author":[{"embeddable":true,"href":"https:\/\/be-simple.pt\/wordpress\/wp-json\/wp\/v2\/users\/3"}],"replies":[{"embeddable":true,"href":"https:\/\/be-simple.pt\/wordpress\/wp-json\/wp\/v2\/comments?post=655"}],"version-history":[{"count":10,"href":"https:\/\/be-simple.pt\/wordpress\/wp-json\/wp\/v2\/pages\/655\/revisions"}],"predecessor-version":[{"id":665,"href":"https:\/\/be-simple.pt\/wordpress\/wp-json\/wp\/v2\/pages\/655\/revisions\/665"}],"wp:attachment":[{"href":"https:\/\/be-simple.pt\/wordpress\/wp-json\/wp\/v2\/media?parent=655"}],"curies":[{"name":"wp","href":"https:\/\/api.w.org\/{rel}","templated":true}]}}