{"id":674,"date":"2023-05-19T10:27:50","date_gmt":"2023-05-19T10:27:50","guid":{"rendered":"https:\/\/be-simple.pt\/wordpress\/?page_id=674"},"modified":"2023-05-22T08:11:17","modified_gmt":"2023-05-22T08:11:17","slug":"modelacao-2","status":"publish","type":"page","link":"https:\/\/be-simple.pt\/wordpress\/modelacao-2\/","title":{"rendered":"Modela\u00e7\u00e3o."},"content":{"rendered":"\n<div class=\"wp-block-group alignfull has-background\" style=\"background-color:#f8f4e4\"><div class=\"wp-block-group__inner-container is-layout-flow wp-block-group-is-layout-flow\">\n<div class=\"wp-block-columns alignwide is-layout-flex wp-container-core-columns-is-layout-9d6595d7 wp-block-columns-is-layout-flex\">\n<div class=\"wp-block-column is-layout-flow wp-block-column-is-layout-flow\">\n<div style=\"height:100px\" aria-hidden=\"true\" class=\"wp-block-spacer\"><\/div>\n\n\n\n<h6 class=\"wp-block-heading has-text-color\" id=\"ecosystem\" style=\"color:#000000\">BE SIMPLE<\/h6>\n\n\n\n<p class=\"has-text-color\" style=\"color:#000000;font-size:5vw;line-height:1.1\"><strong>Modela\u00e7\u00e3o.<\/strong><\/p>\n\n\n\n<div style=\"height:5px\" aria-hidden=\"true\" class=\"wp-block-spacer\"><\/div>\n<\/div>\n<\/div>\n\n\n\n<div class=\"wp-block-columns alignwide is-layout-flex wp-container-core-columns-is-layout-9d6595d7 wp-block-columns-is-layout-flex\">\n<div class=\"wp-block-column is-layout-flow wp-block-column-is-layout-flow\" style=\"flex-basis:33.38%\">\n<p class=\"has-text-color has-extra-small-font-size\" style=\"color:#000000\">Desenvolvemos moldes e planos de corte no sistema Inventex, desde  a ideia at\u00e9 \u00e0 produ\u00e7\u00e3o pensando sempre em otimiza\u00e7\u00e3o, a Inventex desenvolve solu\u00e7\u00f5es e tecnologias premium para moda.<\/p>\n<\/div>\n\n\n\n<div class=\"wp-block-column is-layout-flow wp-block-column-is-layout-flow\" style=\"flex-basis:33%\">\n<div style=\"height:100px\" aria-hidden=\"true\" class=\"wp-block-spacer\"><\/div>\n\n\n\n<figure class=\"wp-block-image size-large\"><img loading=\"lazy\" decoding=\"async\" width=\"630\" height=\"630\" src=\"https:\/\/be-simple.pt\/wordpress\/wp-content\/uploads\/2023\/05\/moldelacao-2-edited.png\" alt=\"\" class=\"wp-image-675\" srcset=\"https:\/\/be-simple.pt\/wordpress\/wp-content\/uploads\/2023\/05\/moldelacao-2-edited.png 630w, https:\/\/be-simple.pt\/wordpress\/wp-content\/uploads\/2023\/05\/moldelacao-2-edited-300x300.png 300w, https:\/\/be-simple.pt\/wordpress\/wp-content\/uploads\/2023\/05\/moldelacao-2-edited-150x150.png 150w, https:\/\/be-simple.pt\/wordpress\/wp-content\/uploads\/2023\/05\/moldelacao-2-edited-12x12.png 12w\" sizes=\"auto, (max-width: 630px) 100vw, 630px\" \/><\/figure>\n<\/div>\n\n\n\n<div class=\"wp-block-column is-layout-flow wp-block-column-is-layout-flow\" style=\"flex-basis:33.62%\">\n<figure class=\"wp-block-image size-large\"><img loading=\"lazy\" decoding=\"async\" width=\"493\" height=\"493\" src=\"https:\/\/be-simple.pt\/wordpress\/wp-content\/uploads\/2023\/05\/moldelacao-2-edited-1.png\" alt=\"\" class=\"wp-image-676\" srcset=\"https:\/\/be-simple.pt\/wordpress\/wp-content\/uploads\/2023\/05\/moldelacao-2-edited-1.png 493w, https:\/\/be-simple.pt\/wordpress\/wp-content\/uploads\/2023\/05\/moldelacao-2-edited-1-300x300.png 300w, https:\/\/be-simple.pt\/wordpress\/wp-content\/uploads\/2023\/05\/moldelacao-2-edited-1-150x150.png 150w, https:\/\/be-simple.pt\/wordpress\/wp-content\/uploads\/2023\/05\/moldelacao-2-edited-1-12x12.png 12w\" sizes=\"auto, (max-width: 493px) 100vw, 493px\" \/><\/figure>\n<\/div>\n<\/div>\n\n\n\n<div class=\"wp-block-columns alignwide is-layout-flex wp-container-core-columns-is-layout-9d6595d7 wp-block-columns-is-layout-flex\">\n<div class=\"wp-block-column is-layout-flow wp-block-column-is-layout-flow\" style=\"flex-basis:67%\"><div class=\"wp-block-image\">\n<figure class=\"alignright size-large\"><img loading=\"lazy\" decoding=\"async\" width=\"1024\" height=\"768\" src=\"https:\/\/be-simple.pt\/wordpress\/wp-content\/uploads\/2022\/01\/IMG_E3869-1024x768.jpg\" alt=\"\" class=\"wp-image-373\" srcset=\"https:\/\/be-simple.pt\/wordpress\/wp-content\/uploads\/2022\/01\/IMG_E3869-1024x768.jpg 1024w, https:\/\/be-simple.pt\/wordpress\/wp-content\/uploads\/2022\/01\/IMG_E3869-300x225.jpg 300w, https:\/\/be-simple.pt\/wordpress\/wp-content\/uploads\/2022\/01\/IMG_E3869-768x576.jpg 768w, https:\/\/be-simple.pt\/wordpress\/wp-content\/uploads\/2022\/01\/IMG_E3869-1536x1152.jpg 1536w, https:\/\/be-simple.pt\/wordpress\/wp-content\/uploads\/2022\/01\/IMG_E3869-2048x1536.jpg 2048w, https:\/\/be-simple.pt\/wordpress\/wp-content\/uploads\/2022\/01\/IMG_E3869-16x12.jpg 16w\" sizes=\"auto, (max-width: 1024px) 100vw, 1024px\" \/><\/figure>\n<\/div><\/div>\n\n\n\n<div class=\"wp-block-column is-vertically-aligned-center is-layout-flow wp-block-column-is-layout-flow\" style=\"flex-basis:33%\">\n<p class=\"has-text-color has-extra-small-font-size\" style=\"color:#000000\">Os modelos ou desenhos de cada cliente s\u00e3o refletidos em moldes atrav\u00e9s do software de modela\u00e7\u00e3o Inventex. Logo ap\u00f3s, \u00e9 produzido um prot\u00f3tipo que materializar\u00e1 a pe\u00e7a e que permitir\u00e1 validar as melhores op\u00e7\u00f5es em materiais e poss\u00edveis ajustamentos pedidos pelo cliente. Executado o fitting das pe\u00e7as e da avalia\u00e7\u00e3o positiva do cliente, s\u00e3o realizadas amostras em fun\u00e7\u00e3o de cada cliente.<\/p>\n<\/div>\n<\/div>\n<\/div><\/div>\n","protected":false},"excerpt":{"rendered":"<p>BE SIMPLE Modela\u00e7\u00e3o. Desenvolvemos moldes e planos de corte no sistema Inventex, desde a ideia at\u00e9 \u00e0 produ\u00e7\u00e3o pensando sempre em otimiza\u00e7\u00e3o, a Inventex desenvolve solu\u00e7\u00f5es e tecnologias premium para moda. Os modelos ou desenhos de cada cliente s\u00e3o refletidos em moldes atrav\u00e9s do software de modela\u00e7\u00e3o Inventex. Logo ap\u00f3s, \u00e9 produzido um prot\u00f3tipo que [&hellip;]<\/p>\n","protected":false},"author":3,"featured_media":0,"parent":0,"menu_order":0,"comment_status":"closed","ping_status":"closed","template":"","meta":{"footnotes":""},"class_list":["post-674","page","type-page","status-publish","hentry"],"_links":{"self":[{"href":"https:\/\/be-simple.pt\/wordpress\/wp-json\/wp\/v2\/pages\/674","targetHints":{"allow":["GET"]}}],"collection":[{"href":"https:\/\/be-simple.pt\/wordpress\/wp-json\/wp\/v2\/pages"}],"about":[{"href":"https:\/\/be-simple.pt\/wordpress\/wp-json\/wp\/v2\/types\/page"}],"author":[{"embeddable":true,"href":"https:\/\/be-simple.pt\/wordpress\/wp-json\/wp\/v2\/users\/3"}],"replies":[{"embeddable":true,"href":"https:\/\/be-simple.pt\/wordpress\/wp-json\/wp\/v2\/comments?post=674"}],"version-history":[{"count":2,"href":"https:\/\/be-simple.pt\/wordpress\/wp-json\/wp\/v2\/pages\/674\/revisions"}],"predecessor-version":[{"id":696,"href":"https:\/\/be-simple.pt\/wordpress\/wp-json\/wp\/v2\/pages\/674\/revisions\/696"}],"wp:attachment":[{"href":"https:\/\/be-simple.pt\/wordpress\/wp-json\/wp\/v2\/media?parent=674"}],"curies":[{"name":"wp","href":"https:\/\/api.w.org\/{rel}","templated":true}]}}