{"id":757,"date":"2023-05-31T08:51:30","date_gmt":"2023-05-31T08:51:30","guid":{"rendered":"https:\/\/be-simple.pt\/wordpress\/?page_id=757"},"modified":"2023-05-31T08:51:30","modified_gmt":"2023-05-31T08:51:30","slug":"sobre-nos","status":"publish","type":"page","link":"https:\/\/be-simple.pt\/wordpress\/sobre-nos\/","title":{"rendered":"sobre n\u00f3s"},"content":{"rendered":"\n<div class=\"wp-block-columns alignwide is-layout-flex wp-container-core-columns-is-layout-9d6595d7 wp-block-columns-is-layout-flex\">\n<div class=\"wp-block-column is-layout-flow wp-block-column-is-layout-flow\">\n<div style=\"height:100px\" aria-hidden=\"true\" class=\"wp-block-spacer\"><\/div>\n\n\n\n<h6 class=\"wp-block-heading has-text-color\" id=\"ecosystem\" style=\"color:#000000\">BE SIMPLE<\/h6>\n\n\n\n<p class=\"has-text-color\" style=\"color:#000000;font-size:5vw;line-height:1.1\"><strong>Be Simple.<\/strong><\/p>\n\n\n\n<div style=\"height:5px\" aria-hidden=\"true\" class=\"wp-block-spacer\"><\/div>\n<\/div>\n<\/div>\n\n\n\n<div class=\"wp-block-columns alignwide is-layout-flex wp-container-core-columns-is-layout-9d6595d7 wp-block-columns-is-layout-flex\">\n<div class=\"wp-block-column is-layout-flow wp-block-column-is-layout-flow\" style=\"flex-basis:33.38%\">\n<p class=\"has-text-color has-extra-small-font-size\" style=\"color:#000000\">A&nbsp;BE Simple&nbsp;\u2013 foi fundada em 2009, e \u00e9 constitu\u00edda por uma equipa com uma vasta experi\u00eancia no ramo t\u00eaxtil. Produzimos para algumas marcas de renome mundial. Somos uma empresa com mais de 20 anos de experi\u00eancia na confe\u00e7\u00e3o de vestu\u00e1rio. A perfei\u00e7\u00e3o aliada \u00e0 tecnologia \u00e9 a nossa principal diferencia\u00e7\u00e3o.<br>Somos uma empresa que reflete um esp\u00edrito sempre funcional e pr\u00e1tico, possu\u00edmos um car\u00e1ter forte din\u00e2mico e vers\u00e1til, sendo a nossa meta a garantia de um produto desde o mais b\u00e1sico ao mais elaborado sempre aliados \u00e0 elevada qualidade.<br><\/p>\n<\/div>\n\n\n\n<div class=\"wp-block-column is-layout-flow wp-block-column-is-layout-flow\" style=\"flex-basis:33%\">\n<div style=\"height:100px\" aria-hidden=\"true\" class=\"wp-block-spacer\"><\/div>\n\n\n\n<figure class=\"wp-block-image size-large is-resized\"><img loading=\"lazy\" decoding=\"async\" src=\"https:\/\/be-simple.pt\/wordpress\/wp-content\/uploads\/2022\/01\/IMG_E3841-1024x768.jpg\" alt=\"\" class=\"wp-image-375\" width=\"459\" height=\"344\" srcset=\"https:\/\/be-simple.pt\/wordpress\/wp-content\/uploads\/2022\/01\/IMG_E3841-1024x768.jpg 1024w, https:\/\/be-simple.pt\/wordpress\/wp-content\/uploads\/2022\/01\/IMG_E3841-300x225.jpg 300w, https:\/\/be-simple.pt\/wordpress\/wp-content\/uploads\/2022\/01\/IMG_E3841-768x576.jpg 768w, https:\/\/be-simple.pt\/wordpress\/wp-content\/uploads\/2022\/01\/IMG_E3841-1536x1152.jpg 1536w, https:\/\/be-simple.pt\/wordpress\/wp-content\/uploads\/2022\/01\/IMG_E3841-2048x1536.jpg 2048w, https:\/\/be-simple.pt\/wordpress\/wp-content\/uploads\/2022\/01\/IMG_E3841-16x12.jpg 16w\" sizes=\"auto, (max-width: 459px) 100vw, 459px\" \/><\/figure>\n<\/div>\n\n\n\n<div class=\"wp-block-column is-layout-flow wp-block-column-is-layout-flow\" style=\"flex-basis:33.62%\">\n<figure class=\"wp-block-image size-large is-resized\"><img loading=\"lazy\" decoding=\"async\" src=\"https:\/\/be-simple.pt\/wordpress\/wp-content\/uploads\/2022\/01\/IMG_E3869-1024x768.jpg\" alt=\"\" class=\"wp-image-373\" width=\"654\" height=\"489\" srcset=\"https:\/\/be-simple.pt\/wordpress\/wp-content\/uploads\/2022\/01\/IMG_E3869-300x225.jpg 300w, https:\/\/be-simple.pt\/wordpress\/wp-content\/uploads\/2022\/01\/IMG_E3869-16x12.jpg 16w\" sizes=\"auto, (max-width: 654px) 100vw, 654px\" \/><\/figure>\n<\/div>\n<\/div>\n\n\n\n<div class=\"wp-block-columns alignwide is-layout-flex wp-container-core-columns-is-layout-9d6595d7 wp-block-columns-is-layout-flex\">\n<div class=\"wp-block-column is-layout-flow wp-block-column-is-layout-flow\" style=\"flex-basis:67%\"><div class=\"wp-block-image\">\n<figure class=\"alignright size-full\"><img loading=\"lazy\" decoding=\"async\" width=\"768\" height=\"628\" src=\"https:\/\/be-simple.pt\/wordpress\/wp-content\/uploads\/2023\/05\/WhatsApp-Image-2023-05-25-at-14.30.30-Copia.jpg\" alt=\"\" class=\"wp-image-733\" srcset=\"https:\/\/be-simple.pt\/wordpress\/wp-content\/uploads\/2023\/05\/WhatsApp-Image-2023-05-25-at-14.30.30-Copia.jpg 768w, https:\/\/be-simple.pt\/wordpress\/wp-content\/uploads\/2023\/05\/WhatsApp-Image-2023-05-25-at-14.30.30-Copia-300x245.jpg 300w, https:\/\/be-simple.pt\/wordpress\/wp-content\/uploads\/2023\/05\/WhatsApp-Image-2023-05-25-at-14.30.30-Copia-15x12.jpg 15w\" sizes=\"auto, (max-width: 768px) 100vw, 768px\" \/><\/figure>\n<\/div><\/div>\n\n\n\n<div class=\"wp-block-column is-vertically-aligned-center is-layout-flow wp-block-column-is-layout-flow\" style=\"flex-basis:33%\">\n<p class=\"has-text-color has-extra-small-font-size\" style=\"color:#000000\">Atualmente temos a nosso cargo 60 colaboradores \u2013 com produ\u00e7\u00e3o de vestu\u00e1rio de Senhora, Homem e Crian\u00e7a em tecido e especializados em malhas t\u00e9cnicas de desporto, fatos de banho, ioga e lingerie.<\/p>\n\n\n\n<p>Encontramo-nos preparados para fornecer o produto na vertical ou apenas m\u00e3o-de obra.<\/p>\n\n\n\n<p>Desenvolvemos moldes e planos de corte atrav\u00e9s do sistema Inventex. O nosso processo produtivo, inclui tamb\u00e9m, corte manual e autom\u00e1tico, mais de 200 m\u00e1quinas de costura, acabamento, controlo de qualidade, embalagem, armaz\u00e9m de pendurados e transporte.<\/p>\n<\/div>\n<\/div>\n","protected":false},"excerpt":{"rendered":"<p>BE SIMPLE Be Simple. A&nbsp;BE Simple&nbsp;\u2013 foi fundada em 2009, e \u00e9 constitu\u00edda por uma equipa com uma vasta experi\u00eancia no ramo t\u00eaxtil. Produzimos para algumas marcas de renome mundial. Somos uma empresa com mais de 20 anos de experi\u00eancia na confe\u00e7\u00e3o de vestu\u00e1rio. A perfei\u00e7\u00e3o aliada \u00e0 tecnologia \u00e9 a nossa principal diferencia\u00e7\u00e3o.Somos uma [&hellip;]<\/p>\n","protected":false},"author":3,"featured_media":0,"parent":0,"menu_order":0,"comment_status":"closed","ping_status":"closed","template":"","meta":{"footnotes":""},"class_list":["post-757","page","type-page","status-publish","hentry"],"_links":{"self":[{"href":"https:\/\/be-simple.pt\/wordpress\/wp-json\/wp\/v2\/pages\/757","targetHints":{"allow":["GET"]}}],"collection":[{"href":"https:\/\/be-simple.pt\/wordpress\/wp-json\/wp\/v2\/pages"}],"about":[{"href":"https:\/\/be-simple.pt\/wordpress\/wp-json\/wp\/v2\/types\/page"}],"author":[{"embeddable":true,"href":"https:\/\/be-simple.pt\/wordpress\/wp-json\/wp\/v2\/users\/3"}],"replies":[{"embeddable":true,"href":"https:\/\/be-simple.pt\/wordpress\/wp-json\/wp\/v2\/comments?post=757"}],"version-history":[{"count":1,"href":"https:\/\/be-simple.pt\/wordpress\/wp-json\/wp\/v2\/pages\/757\/revisions"}],"predecessor-version":[{"id":759,"href":"https:\/\/be-simple.pt\/wordpress\/wp-json\/wp\/v2\/pages\/757\/revisions\/759"}],"wp:attachment":[{"href":"https:\/\/be-simple.pt\/wordpress\/wp-json\/wp\/v2\/media?parent=757"}],"curies":[{"name":"wp","href":"https:\/\/api.w.org\/{rel}","templated":true}]}}